{"id":82,"date":"2023-02-02T09:45:47","date_gmt":"2023-02-02T08:45:47","guid":{"rendered":"https:\/\/www.paul-schmitz.de\/?page_id=82"},"modified":"2023-02-04T09:44:14","modified_gmt":"2023-02-04T08:44:14","slug":"photography","status":"publish","type":"page","link":"https:\/\/www.paul-schmitz.de\/index.php\/photography\/","title":{"rendered":"PHOTOGRAPHY"},"content":{"rendered":"<div id='av_section_1'  class='avia-section av-3v8eq-3b6e1953d50ec5b4b6156265142bc217 main_color avia-section-default avia-no-border-styling  avia-builder-el-0  avia-builder-el-no-sibling  avia-bg-style-scroll container_wrap fullsize'  ><div class='container av-section-cont-open' ><main  role=\"main\" itemprop=\"mainContentOfPage\"  class='template-page content  av-content-full alpha units'><div class='post-entry post-entry-type-page post-entry-82'><div class='entry-content-wrapper clearfix'>\n<div class='flex_column av-333iu-69d3f7c62bc33f6ae09dc3ade77cd966 av_one_half  avia-builder-el-1  el_before_av_one_half  avia-builder-el-first  first flex_column_div '     ><p>\n<style type=\"text\/css\" data-created_by=\"avia_inline_auto\" id=\"style-css-av-ldpp5m7m-2210e1e4de3aa4ab022f0ccaf1582ac9\">\n#top .av-special-heading.av-ldpp5m7m-2210e1e4de3aa4ab022f0ccaf1582ac9{\npadding-bottom:10px;\nfont-size:30px;\n}\nbody .av-special-heading.av-ldpp5m7m-2210e1e4de3aa4ab022f0ccaf1582ac9 .av-special-heading-tag .heading-char{\nfont-size:25px;\n}\n#top #wrap_all .av-special-heading.av-ldpp5m7m-2210e1e4de3aa4ab022f0ccaf1582ac9 .av-special-heading-tag{\nfont-size:30px;\n}\n.av-special-heading.av-ldpp5m7m-2210e1e4de3aa4ab022f0ccaf1582ac9 .av-subheading{\nfont-size:15px;\n}\n\n@media only screen and (min-width: 480px) and (max-width: 767px){ \n#top #wrap_all .av-special-heading.av-ldpp5m7m-2210e1e4de3aa4ab022f0ccaf1582ac9 .av-special-heading-tag{\nfont-size:0.8em;\n}\n}\n\n@media only screen and (max-width: 479px){ \n#top #wrap_all .av-special-heading.av-ldpp5m7m-2210e1e4de3aa4ab022f0ccaf1582ac9 .av-special-heading-tag{\nfont-size:0.8em;\n}\n}\n<\/style>\n<div  class='av-special-heading av-ldpp5m7m-2210e1e4de3aa4ab022f0ccaf1582ac9 av-special-heading-h3 blockquote modern-quote  avia-builder-el-2  el_before_av_textblock  avia-builder-el-first  av-inherit-size'><h3 class='av-special-heading-tag'  itemprop=\"headline\"  >Photography<\/h3><div class=\"special-heading-border\"><div class=\"special-heading-inner-border\"><\/div><\/div><\/div><br \/>\n<section  class='av_textblock_section av-ldpp54w7-0a18b06755ac04cfadc962f69f33d814'  itemscope=\"itemscope\" itemtype=\"https:\/\/schema.org\/CreativeWork\" ><div class='avia_textblock'  itemprop=\"text\" ><p>Malen mit der Kamera. Mein Weg, die Welt so zu zeigen, wie wir sie im Kopf tats\u00e4chlich erleben. Als Impression, in st\u00e4ndiger Bewegung. Leben ist nicht starr, Leben ist Ver\u00e4nderung. Die Dinge kommen und gehen. Und bleiben einen sch\u00f6nen, \ufb02\u00fcchtigen Moment.<\/p>\n<p><em>Painting with the camera is my way of depicting the world as we actually experience it in our heads. As an impression, constantly moving. There is nothing rigid in life; life is all about change. Things come and go. And linger for a \ufb02eeting moment of beauty.<\/em><\/p>\n<\/div><\/section><\/p><\/div><div class='flex_column av-2gn9m-8c24804791102aeca25b00fc928bbd77 av_one_half  avia-builder-el-4  el_after_av_one_half  el_before_av_one_full  flex_column_div '     ><p>\n<style type=\"text\/css\" data-created_by=\"avia_inline_auto\" id=\"style-css-av-ldpp76uv-fd9e1971d0515b3d29ddf132543bf35b\">\n@-webkit-keyframes av_boxShadowEffect_av-ldpp76uv-fd9e1971d0515b3d29ddf132543bf35b {\n0%   { box-shadow:  0 0 0 0 #898989; opacity: 1; }\n100% { box-shadow:  0 0 10px 0 #898989; opacity: 1; }\n}\n@keyframes av_boxShadowEffect_av-ldpp76uv-fd9e1971d0515b3d29ddf132543bf35b {\n0%   { box-shadow:  0 0 0 0 #898989; opacity: 1; }\n100% { box-shadow:  0 0 10px 0 #898989; opacity: 1; }\n}\n.avia-image-container.av-ldpp76uv-fd9e1971d0515b3d29ddf132543bf35b img.avia_image{\nbox-shadow: 0 0 10px 0 #898989;\n}\n.avia-image-container.av-ldpp76uv-fd9e1971d0515b3d29ddf132543bf35b .av-image-caption-overlay-center{\ncolor:#ffffff;\n}\n<\/style>\n<div  class='avia-image-container av-ldpp76uv-fd9e1971d0515b3d29ddf132543bf35b av-styling- avia-align-center  avia-builder-el-5  el_before_av_textblock  avia-builder-el-first  av-img-box-shadow av-box-shadow-not-animated'   itemprop=\"image\" itemscope=\"itemscope\" itemtype=\"https:\/\/schema.org\/ImageObject\" ><div class=\"avia-image-container-inner\"><div class=\"avia-image-overlay-wrap\"><img decoding=\"async\" class='wp-image-247 avia-img-lazy-loading-not-247 avia_image shadow-not-animated' src=\"https:\/\/www.paul-schmitz.de\/wp-content\/uploads\/2023\/02\/LONDON-2-80-X-120.jpg\" alt='' title='LONDON 2-80 X 120'  height=\"1500\" width=\"998\"  itemprop=\"thumbnailUrl\" srcset=\"https:\/\/www.paul-schmitz.de\/wp-content\/uploads\/2023\/02\/LONDON-2-80-X-120.jpg 998w, https:\/\/www.paul-schmitz.de\/wp-content\/uploads\/2023\/02\/LONDON-2-80-X-120-200x300.jpg 200w, https:\/\/www.paul-schmitz.de\/wp-content\/uploads\/2023\/02\/LONDON-2-80-X-120-685x1030.jpg 685w, https:\/\/www.paul-schmitz.de\/wp-content\/uploads\/2023\/02\/LONDON-2-80-X-120-768x1154.jpg 768w, https:\/\/www.paul-schmitz.de\/wp-content\/uploads\/2023\/02\/LONDON-2-80-X-120-469x705.jpg 469w\" sizes=\"(max-width: 998px) 100vw, 998px\" \/><\/div><\/div><\/div><br \/>\n<section  class='av_textblock_section av-ldpp7jis-786849132a6d579f79ba8e181a7dea2d'  itemscope=\"itemscope\" itemtype=\"https:\/\/schema.org\/CreativeWork\" ><div class='avia_textblock'  itemprop=\"text\" ><p>LONDON II, Fotogra\ufb01e, ausbelichtet auf KODAK Endura, Diasec hinter Glas verklebt, 80 x 120 cm, 2015<\/p>\n<\/div><\/section><\/p><\/div><div class='flex_column av-77v2-7902fe450d25a6f5f1d1dbc45d783649 av_one_full  avia-builder-el-7  el_after_av_one_half  el_before_av_one_half  first flex_column_div column-top-margin'     ><p>\n<style type=\"text\/css\" data-created_by=\"avia_inline_auto\" id=\"style-css-av-ldpp9irt-e1372cddfed8d6301feb422d8d6bfbb2\">\n@-webkit-keyframes av_boxShadowEffect_av-ldpp9irt-e1372cddfed8d6301feb422d8d6bfbb2 {\n0%   { box-shadow:  0 0 0 0 #898989; opacity: 1; }\n100% { box-shadow:  0 0 10px 0 #898989; opacity: 1; }\n}\n@keyframes av_boxShadowEffect_av-ldpp9irt-e1372cddfed8d6301feb422d8d6bfbb2 {\n0%   { box-shadow:  0 0 0 0 #898989; opacity: 1; }\n100% { box-shadow:  0 0 10px 0 #898989; opacity: 1; }\n}\n.avia-image-container.av-ldpp9irt-e1372cddfed8d6301feb422d8d6bfbb2 img.avia_image{\nbox-shadow: 0 0 10px 0 #898989;\n}\n.avia-image-container.av-ldpp9irt-e1372cddfed8d6301feb422d8d6bfbb2 .av-image-caption-overlay-center{\ncolor:#ffffff;\n}\n<\/style>\n<div  class='avia-image-container av-ldpp9irt-e1372cddfed8d6301feb422d8d6bfbb2 av-styling- avia-align-center  avia-builder-el-8  el_before_av_textblock  avia-builder-el-first  av-img-box-shadow av-box-shadow-not-animated'   itemprop=\"image\" itemscope=\"itemscope\" itemtype=\"https:\/\/schema.org\/ImageObject\" ><div class=\"avia-image-container-inner\"><div class=\"avia-image-overlay-wrap\"><img decoding=\"async\" class='wp-image-248 avia-img-lazy-loading-not-248 avia_image shadow-not-animated' src=\"https:\/\/www.paul-schmitz.de\/wp-content\/uploads\/2023\/02\/LICHTSPUR-150-x-100-gross.jpg\" alt='' title='LICHTSPUR-150 x 100-gross'  height=\"1067\" width=\"1600\"  itemprop=\"thumbnailUrl\" srcset=\"https:\/\/www.paul-schmitz.de\/wp-content\/uploads\/2023\/02\/LICHTSPUR-150-x-100-gross.jpg 1600w, https:\/\/www.paul-schmitz.de\/wp-content\/uploads\/2023\/02\/LICHTSPUR-150-x-100-gross-300x200.jpg 300w, https:\/\/www.paul-schmitz.de\/wp-content\/uploads\/2023\/02\/LICHTSPUR-150-x-100-gross-1030x687.jpg 1030w, https:\/\/www.paul-schmitz.de\/wp-content\/uploads\/2023\/02\/LICHTSPUR-150-x-100-gross-768x512.jpg 768w, https:\/\/www.paul-schmitz.de\/wp-content\/uploads\/2023\/02\/LICHTSPUR-150-x-100-gross-1536x1024.jpg 1536w, https:\/\/www.paul-schmitz.de\/wp-content\/uploads\/2023\/02\/LICHTSPUR-150-x-100-gross-1500x1000.jpg 1500w, https:\/\/www.paul-schmitz.de\/wp-content\/uploads\/2023\/02\/LICHTSPUR-150-x-100-gross-705x470.jpg 705w\" sizes=\"(max-width: 1600px) 100vw, 1600px\" \/><\/div><\/div><\/div><br \/>\n<section  class='av_textblock_section av-ldpp9u08-bca540955a1006d3f90a45e895bc2e2e'  itemscope=\"itemscope\" itemtype=\"https:\/\/schema.org\/CreativeWork\" ><div class='avia_textblock'  itemprop=\"text\" ><p>LICHTSPUR, Fotogra\ufb01e, ausbelichtet auf KODAK Endura, Diasec hinter Glas verklebt, 150 x 100 cm, 2015<\/p>\n<\/div><\/section><\/p><\/div><div class='flex_column av-1dgru-cd0fc5a36feb6a1ba8d3f58895b8dc29 av_one_half  avia-builder-el-10  el_after_av_one_full  el_before_av_one_half  first flex_column_div column-top-margin'     ><p>\n<style type=\"text\/css\" data-created_by=\"avia_inline_auto\" id=\"style-css-av-ldppf5ob-900a6f0492d7dd50985272064a7f3e5d\">\n@-webkit-keyframes av_boxShadowEffect_av-ldppf5ob-900a6f0492d7dd50985272064a7f3e5d {\n0%   { box-shadow:  0 0 0 0 #898989; opacity: 1; }\n100% { box-shadow:  0 0 10px 0 #898989; opacity: 1; }\n}\n@keyframes av_boxShadowEffect_av-ldppf5ob-900a6f0492d7dd50985272064a7f3e5d {\n0%   { box-shadow:  0 0 0 0 #898989; opacity: 1; }\n100% { box-shadow:  0 0 10px 0 #898989; opacity: 1; }\n}\n.avia-image-container.av-ldppf5ob-900a6f0492d7dd50985272064a7f3e5d img.avia_image{\nbox-shadow: 0 0 10px 0 #898989;\n}\n.avia-image-container.av-ldppf5ob-900a6f0492d7dd50985272064a7f3e5d .av-image-caption-overlay-center{\ncolor:#ffffff;\n}\n<\/style>\n<div  class='avia-image-container av-ldppf5ob-900a6f0492d7dd50985272064a7f3e5d av-styling- avia-align-center  avia-builder-el-11  el_before_av_textblock  avia-builder-el-first  av-img-box-shadow av-box-shadow-not-animated'   itemprop=\"image\" itemscope=\"itemscope\" itemtype=\"https:\/\/schema.org\/ImageObject\" ><div class=\"avia-image-container-inner\"><div class=\"avia-image-overlay-wrap\"><img decoding=\"async\" class='wp-image-251 avia-img-lazy-loading-not-251 avia_image shadow-not-animated' src=\"https:\/\/www.paul-schmitz.de\/wp-content\/uploads\/2023\/02\/DUBLIN.jpg\" alt='' title='Dublin'  height=\"1500\" width=\"999\"  itemprop=\"thumbnailUrl\" srcset=\"https:\/\/www.paul-schmitz.de\/wp-content\/uploads\/2023\/02\/DUBLIN.jpg 999w, https:\/\/www.paul-schmitz.de\/wp-content\/uploads\/2023\/02\/DUBLIN-200x300.jpg 200w, https:\/\/www.paul-schmitz.de\/wp-content\/uploads\/2023\/02\/DUBLIN-686x1030.jpg 686w, https:\/\/www.paul-schmitz.de\/wp-content\/uploads\/2023\/02\/DUBLIN-768x1153.jpg 768w, https:\/\/www.paul-schmitz.de\/wp-content\/uploads\/2023\/02\/DUBLIN-470x705.jpg 470w\" sizes=\"(max-width: 999px) 100vw, 999px\" \/><\/div><\/div><\/div><br \/>\n<section  class='av_textblock_section av-ldppgmup-13b0bd8be1b8b7ab199996afcc672d7a'  itemscope=\"itemscope\" itemtype=\"https:\/\/schema.org\/CreativeWork\" ><div class='avia_textblock'  itemprop=\"text\" ><p>DUBLIN, Fotogra\ufb01e, 2017<\/p>\n<\/div><\/section><\/p><\/div><div class='flex_column av-vzj2-89350d6ce618df497a810a8698d89457 av_one_half  avia-builder-el-13  el_after_av_one_half  el_before_av_one_half  flex_column_div column-top-margin'     ><p>\n<style type=\"text\/css\" data-created_by=\"avia_inline_auto\" id=\"style-css-av-ldppfkci-792b2b29e2efacf8d3424beaac1e2615\">\n@-webkit-keyframes av_boxShadowEffect_av-ldppfkci-792b2b29e2efacf8d3424beaac1e2615 {\n0%   { box-shadow:  0 0 0 0 #898989; opacity: 1; }\n100% { box-shadow:  0 0 10px 0 #898989; opacity: 1; }\n}\n@keyframes av_boxShadowEffect_av-ldppfkci-792b2b29e2efacf8d3424beaac1e2615 {\n0%   { box-shadow:  0 0 0 0 #898989; opacity: 1; }\n100% { box-shadow:  0 0 10px 0 #898989; opacity: 1; }\n}\n.avia-image-container.av-ldppfkci-792b2b29e2efacf8d3424beaac1e2615 img.avia_image{\nbox-shadow: 0 0 10px 0 #898989;\n}\n.avia-image-container.av-ldppfkci-792b2b29e2efacf8d3424beaac1e2615 .av-image-caption-overlay-center{\ncolor:#ffffff;\n}\n<\/style>\n<div  class='avia-image-container av-ldppfkci-792b2b29e2efacf8d3424beaac1e2615 av-styling- avia-align-center  avia-builder-el-14  el_before_av_textblock  avia-builder-el-first  av-img-box-shadow av-box-shadow-not-animated'   itemprop=\"image\" itemscope=\"itemscope\" itemtype=\"https:\/\/schema.org\/ImageObject\" ><div class=\"avia-image-container-inner\"><div class=\"avia-image-overlay-wrap\"><img decoding=\"async\" class='wp-image-253 avia-img-lazy-loading-not-253 avia_image shadow-not-animated' src=\"https:\/\/www.paul-schmitz.de\/wp-content\/uploads\/2023\/02\/MIRROR-120-X-80.jpg\" alt='' title='MIRROR-120 X 80'  height=\"1000\" width=\"1500\"  itemprop=\"thumbnailUrl\" srcset=\"https:\/\/www.paul-schmitz.de\/wp-content\/uploads\/2023\/02\/MIRROR-120-X-80.jpg 1500w, https:\/\/www.paul-schmitz.de\/wp-content\/uploads\/2023\/02\/MIRROR-120-X-80-300x200.jpg 300w, https:\/\/www.paul-schmitz.de\/wp-content\/uploads\/2023\/02\/MIRROR-120-X-80-1030x687.jpg 1030w, https:\/\/www.paul-schmitz.de\/wp-content\/uploads\/2023\/02\/MIRROR-120-X-80-768x512.jpg 768w, https:\/\/www.paul-schmitz.de\/wp-content\/uploads\/2023\/02\/MIRROR-120-X-80-705x470.jpg 705w\" sizes=\"(max-width: 1500px) 100vw, 1500px\" \/><\/div><\/div><\/div><br \/>\n<section  class='av_textblock_section av-ldppg7w5-fef453f3d973d4327d572bf410338fd6'  itemscope=\"itemscope\" itemtype=\"https:\/\/schema.org\/CreativeWork\" ><div class='avia_textblock'  itemprop=\"text\" ><p>MIRROR, Fotogra\ufb01e, ausbelichtet auf KODAK Endura, Diasec hinter Glas verklebt, 120 x 80 cm, 2015<\/p>\n<\/div><\/section><br \/>\n\n<style type=\"text\/css\" data-created_by=\"avia_inline_auto\" id=\"style-css-av-ldppfz1b-9a2f29417f2b68fc409031c44de00b80\">\n@-webkit-keyframes av_boxShadowEffect_av-ldppfz1b-9a2f29417f2b68fc409031c44de00b80 {\n0%   { box-shadow:  0 0 0 0 #898989; opacity: 1; }\n100% { box-shadow:  0 0 10px 0 #898989; opacity: 1; }\n}\n@keyframes av_boxShadowEffect_av-ldppfz1b-9a2f29417f2b68fc409031c44de00b80 {\n0%   { box-shadow:  0 0 0 0 #898989; opacity: 1; }\n100% { box-shadow:  0 0 10px 0 #898989; opacity: 1; }\n}\n.avia-image-container.av-ldppfz1b-9a2f29417f2b68fc409031c44de00b80 img.avia_image{\nbox-shadow: 0 0 10px 0 #898989;\n}\n.avia-image-container.av-ldppfz1b-9a2f29417f2b68fc409031c44de00b80 .av-image-caption-overlay-center{\ncolor:#ffffff;\n}\n<\/style>\n<div  class='avia-image-container av-ldppfz1b-9a2f29417f2b68fc409031c44de00b80 av-styling- avia-align-center  avia-builder-el-16  el_after_av_textblock  el_before_av_textblock  av-img-box-shadow av-box-shadow-not-animated'   itemprop=\"image\" itemscope=\"itemscope\" itemtype=\"https:\/\/schema.org\/ImageObject\" ><div class=\"avia-image-container-inner\"><div class=\"avia-image-overlay-wrap\"><img decoding=\"async\" class='wp-image-252 avia-img-lazy-loading-not-252 avia_image shadow-not-animated' src=\"https:\/\/www.paul-schmitz.de\/wp-content\/uploads\/2023\/02\/SWANS-120-X-80.jpg\" alt='' title='SWANS-120 X 80'  height=\"1000\" width=\"1500\"  itemprop=\"thumbnailUrl\" srcset=\"https:\/\/www.paul-schmitz.de\/wp-content\/uploads\/2023\/02\/SWANS-120-X-80.jpg 1500w, https:\/\/www.paul-schmitz.de\/wp-content\/uploads\/2023\/02\/SWANS-120-X-80-300x200.jpg 300w, https:\/\/www.paul-schmitz.de\/wp-content\/uploads\/2023\/02\/SWANS-120-X-80-1030x687.jpg 1030w, https:\/\/www.paul-schmitz.de\/wp-content\/uploads\/2023\/02\/SWANS-120-X-80-768x512.jpg 768w, https:\/\/www.paul-schmitz.de\/wp-content\/uploads\/2023\/02\/SWANS-120-X-80-705x470.jpg 705w\" sizes=\"(max-width: 1500px) 100vw, 1500px\" \/><\/div><\/div><\/div><br \/>\n<section  class='av_textblock_section av-ldppgrof-685cb112d46879855ded8dd91d79709f'  itemscope=\"itemscope\" itemtype=\"https:\/\/schema.org\/CreativeWork\" ><div class='avia_textblock'  itemprop=\"text\" ><p>SWANS, Fotogra\ufb01e, ausbelichtet auf KODAK Endura, Diasec hinter Glas verklebt,<\/p>\n<\/div><\/section><\/p><\/div><div class='flex_column av-av_one_half-7714eba142aeda1f8b5272a3c372b279 av_one_half  avia-builder-el-18  el_after_av_one_half  el_before_av_one_half  first flex_column_div column-top-margin'     ><p>\n<style type=\"text\/css\" data-created_by=\"avia_inline_auto\" id=\"style-css-av-ldppjwoc-977f58a46c0e722e94d0cb656f84baff\">\n@-webkit-keyframes av_boxShadowEffect_av-ldppjwoc-977f58a46c0e722e94d0cb656f84baff {\n0%   { box-shadow:  0 0 0 0 #898989; opacity: 1; }\n100% { box-shadow:  0 0 10px 0 #898989; opacity: 1; }\n}\n@keyframes av_boxShadowEffect_av-ldppjwoc-977f58a46c0e722e94d0cb656f84baff {\n0%   { box-shadow:  0 0 0 0 #898989; opacity: 1; }\n100% { box-shadow:  0 0 10px 0 #898989; opacity: 1; }\n}\n.avia-image-container.av-ldppjwoc-977f58a46c0e722e94d0cb656f84baff img.avia_image{\nbox-shadow: 0 0 10px 0 #898989;\n}\n.avia-image-container.av-ldppjwoc-977f58a46c0e722e94d0cb656f84baff .av-image-caption-overlay-center{\ncolor:#ffffff;\n}\n<\/style>\n<div  class='avia-image-container av-ldppjwoc-977f58a46c0e722e94d0cb656f84baff av-styling- avia-align-center  avia-builder-el-19  el_before_av_textblock  avia-builder-el-first  av-img-box-shadow av-box-shadow-not-animated'   itemprop=\"image\" itemscope=\"itemscope\" itemtype=\"https:\/\/schema.org\/ImageObject\" ><div class=\"avia-image-container-inner\"><div class=\"avia-image-overlay-wrap\"><img decoding=\"async\" class='wp-image-256 avia-img-lazy-loading-not-256 avia_image shadow-not-animated' src=\"https:\/\/www.paul-schmitz.de\/wp-content\/uploads\/2023\/02\/SNOW-1-80-X-120.jpg\" alt='' title='SNOW 1-80 X 120'  height=\"1500\" width=\"1000\"  itemprop=\"thumbnailUrl\" srcset=\"https:\/\/www.paul-schmitz.de\/wp-content\/uploads\/2023\/02\/SNOW-1-80-X-120.jpg 1000w, https:\/\/www.paul-schmitz.de\/wp-content\/uploads\/2023\/02\/SNOW-1-80-X-120-200x300.jpg 200w, https:\/\/www.paul-schmitz.de\/wp-content\/uploads\/2023\/02\/SNOW-1-80-X-120-687x1030.jpg 687w, https:\/\/www.paul-schmitz.de\/wp-content\/uploads\/2023\/02\/SNOW-1-80-X-120-768x1152.jpg 768w, https:\/\/www.paul-schmitz.de\/wp-content\/uploads\/2023\/02\/SNOW-1-80-X-120-470x705.jpg 470w\" sizes=\"(max-width: 1000px) 100vw, 1000px\" \/><\/div><\/div><\/div><br \/>\n<section  class='av_textblock_section av-ldppkw49-ae9838072b100dae44f7c8f33e79c962'  itemscope=\"itemscope\" itemtype=\"https:\/\/schema.org\/CreativeWork\" ><div class='avia_textblock'  itemprop=\"text\" ><p>SNOW I, Fotogra\ufb01e, ausbelichtet auf KODAK Endura, Diasec hinter Glas verklebt, 80 x 120 cm, 2015<\/p>\n<\/div><\/section><\/p><\/div><div class='flex_column av-av_one_half-f1c518e9ff58e869f80c8f093487abc9 av_one_half  avia-builder-el-21  el_after_av_one_half  avia-builder-el-last  flex_column_div column-top-margin'     ><p>\n<style type=\"text\/css\" data-created_by=\"avia_inline_auto\" id=\"style-css-av-ldppkco0-5e53e95ef4995723572cb943505847dc\">\n@-webkit-keyframes av_boxShadowEffect_av-ldppkco0-5e53e95ef4995723572cb943505847dc {\n0%   { box-shadow:  0 0 0 0 #898989; opacity: 1; }\n100% { box-shadow:  0 0 10px 0 #898989; opacity: 1; }\n}\n@keyframes av_boxShadowEffect_av-ldppkco0-5e53e95ef4995723572cb943505847dc {\n0%   { box-shadow:  0 0 0 0 #898989; opacity: 1; }\n100% { box-shadow:  0 0 10px 0 #898989; opacity: 1; }\n}\n.avia-image-container.av-ldppkco0-5e53e95ef4995723572cb943505847dc img.avia_image{\nbox-shadow: 0 0 10px 0 #898989;\n}\n.avia-image-container.av-ldppkco0-5e53e95ef4995723572cb943505847dc .av-image-caption-overlay-center{\ncolor:#ffffff;\n}\n<\/style>\n<div  class='avia-image-container av-ldppkco0-5e53e95ef4995723572cb943505847dc av-styling- avia-align-center  avia-builder-el-22  el_before_av_textblock  avia-builder-el-first  av-img-box-shadow av-box-shadow-not-animated'   itemprop=\"image\" itemscope=\"itemscope\" itemtype=\"https:\/\/schema.org\/ImageObject\" ><div class=\"avia-image-container-inner\"><div class=\"avia-image-overlay-wrap\"><img decoding=\"async\" class='wp-image-257 avia-img-lazy-loading-not-257 avia_image shadow-not-animated' src=\"https:\/\/www.paul-schmitz.de\/wp-content\/uploads\/2023\/02\/SNOW-2-80-X-120.jpg\" alt='' title='SNOW 2-80 X 120'  height=\"1500\" width=\"1000\"  itemprop=\"thumbnailUrl\" srcset=\"https:\/\/www.paul-schmitz.de\/wp-content\/uploads\/2023\/02\/SNOW-2-80-X-120.jpg 1000w, https:\/\/www.paul-schmitz.de\/wp-content\/uploads\/2023\/02\/SNOW-2-80-X-120-200x300.jpg 200w, https:\/\/www.paul-schmitz.de\/wp-content\/uploads\/2023\/02\/SNOW-2-80-X-120-687x1030.jpg 687w, https:\/\/www.paul-schmitz.de\/wp-content\/uploads\/2023\/02\/SNOW-2-80-X-120-768x1152.jpg 768w, https:\/\/www.paul-schmitz.de\/wp-content\/uploads\/2023\/02\/SNOW-2-80-X-120-470x705.jpg 470w\" sizes=\"(max-width: 1000px) 100vw, 1000px\" \/><\/div><\/div><\/div><br \/>\n<section  class='av_textblock_section av-ldppkmw6-278254199567e50d42e7053db28cb878'  itemscope=\"itemscope\" itemtype=\"https:\/\/schema.org\/CreativeWork\" ><div class='avia_textblock'  itemprop=\"text\" ><p>SNOW II, Fotogra\ufb01e, ausbelichtet auf KODAK Endura, Diasec hinter Glas verklebt, 80 x 120 cm, 2015<\/p>\n<\/div><\/section><\/p><\/div>\n","protected":false},"excerpt":{"rendered":"","protected":false},"author":3,"featured_media":0,"parent":0,"menu_order":0,"comment_status":"closed","ping_status":"closed","template":"","meta":{"footnotes":""},"class_list":["post-82","page","type-page","status-publish","hentry"],"_links":{"self":[{"href":"https:\/\/www.paul-schmitz.de\/index.php\/wp-json\/wp\/v2\/pages\/82","targetHints":{"allow":["GET"]}}],"collection":[{"href":"https:\/\/www.paul-schmitz.de\/index.php\/wp-json\/wp\/v2\/pages"}],"about":[{"href":"https:\/\/www.paul-schmitz.de\/index.php\/wp-json\/wp\/v2\/types\/page"}],"author":[{"embeddable":true,"href":"https:\/\/www.paul-schmitz.de\/index.php\/wp-json\/wp\/v2\/users\/3"}],"replies":[{"embeddable":true,"href":"https:\/\/www.paul-schmitz.de\/index.php\/wp-json\/wp\/v2\/comments?post=82"}],"version-history":[{"count":4,"href":"https:\/\/www.paul-schmitz.de\/index.php\/wp-json\/wp\/v2\/pages\/82\/revisions"}],"predecessor-version":[{"id":258,"href":"https:\/\/www.paul-schmitz.de\/index.php\/wp-json\/wp\/v2\/pages\/82\/revisions\/258"}],"wp:attachment":[{"href":"https:\/\/www.paul-schmitz.de\/index.php\/wp-json\/wp\/v2\/media?parent=82"}],"curies":[{"name":"wp","href":"https:\/\/api.w.org\/{rel}","templated":true}]}}